{"id":649,"date":"2026-02-05T15:34:18","date_gmt":"2026-02-05T14:34:18","guid":{"rendered":"https:\/\/www.naturhaus-bergslagen.com\/?page_id=649"},"modified":"2026-03-31T16:30:47","modified_gmt":"2026-03-31T14:30:47","slug":"fragen-und-antworten","status":"publish","type":"page","link":"https:\/\/www.naturhaus-bergslagen.com\/en\/fragen-und-antworten\/","title":{"rendered":"Fragen und Antworten"},"content":{"rendered":"<p>[et_pb_section fb_built=&#8220;1&#8243; _builder_version=&#8220;4.27.5&#8243; _module_preset=&#8220;default&#8220; global_colors_info=&#8220;{}&#8220;][et_pb_row _builder_version=&#8220;4.27.5&#8243; _module_preset=&#8220;default&#8220; global_colors_info=&#8220;{}&#8220;][et_pb_column type=&#8220;4_4&#8243; _builder_version=&#8220;4.27.5&#8243; _module_preset=&#8220;default&#8220; global_colors_info=&#8220;{}&#8220;][et_pb_heading title=&#8220;H\u00e4ufige Fragen zu unseren Ferienh\u00e4usern in Bergslagen&#8220; _builder_version=&#8220;4.27.5&#8243; _module_preset=&#8220;default&#8220; title_text_align=&#8220;center&#8220; title_text_color=&#8220;#993333&#8243; global_colors_info=&#8220;{}&#8220;][\/et_pb_heading][et_pb_text _builder_version=&#8220;4.27.5&#8243; _module_preset=&#8220;default&#8220; max_width=&#8220;100%&#8220; module_alignment=&#8220;center&#8220; global_colors_info=&#8220;{}&#8220;]<\/p>\n<p>Damit ihr euren Urlaub in Bergslagen entspannt planen k\u00f6nnt, haben wir hier die wichtigsten Fragen rund um unsere Ferienh\u00e4user f\u00fcr euch zusammengestellt.\u00a0<\/p>\n<p>Sollte dennoch etwas unklar sein, meldet euch jederzeit gern bei uns \u2013 wir helfen euch pers\u00f6nlich weiter.<\/p>\n<p>[\/et_pb_text][et_pb_button button_url=&#8220;https:\/\/www.naturhaus-bergslagen.com\/kontakt&#8220; button_text=&#8220;Zu unserem Kontaktformular&#8220; button_alignment=&#8220;center&#8220; _builder_version=&#8220;4.27.6&#8243; _module_preset=&#8220;default&#8220; global_colors_info=&#8220;{}&#8220;][\/et_pb_button][\/et_pb_column][\/et_pb_row][et_pb_row column_structure=&#8220;1_2,1_2&#8243; use_custom_gutter=&#8220;on&#8220; make_equal=&#8220;on&#8220; _builder_version=&#8220;4.27.5&#8243; _module_preset=&#8220;default&#8220; background_color=&#8220;RGBA(255,255,255,0)&#8220; custom_margin=&#8220;-2px|auto||auto||&#8220; locked=&#8220;off&#8220; global_colors_info=&#8220;{}&#8220;][et_pb_column type=&#8220;1_2&#8243; _builder_version=&#8220;4.27.5&#8243; _module_preset=&#8220;default&#8220; background_color=&#8220;rgba(211,201,180,0.38)&#8220; border_radii=&#8220;on|5px|5px|5px|5px&#8220; global_colors_info=&#8220;{}&#8220;][et_pb_icon font_icon=&#8220;&#xe064;||divi||400&#8243; icon_color=&#8220;#D3C9B4&#8243; icon_width=&#8220;38px&#8220; align=&#8220;left&#8220; _builder_version=&#8220;4.27.5&#8243; _module_preset=&#8220;default&#8220; custom_margin=&#8220;9px|0px|-22px|0px|false|true&#8220; custom_padding=&#8220;10px|20px|10px|20px|false|false&#8220; border_color_all=&#8220;#8A413A&#8220; global_colors_info=&#8220;{}&#8220;][\/et_pb_icon][et_pb_text _builder_version=&#8220;4.27.5&#8243; _module_preset=&#8220;default&#8220; header_2_font=&#8220;Montserrat||||||||&#8220; header_2_text_color=&#8220;#8a413a&#8220; header_2_line_height=&#8220;1.2em&#8220; header_3_font=&#8220;&#8211;et_global_body_font||||||||&#8220; header_3_text_align=&#8220;left&#8220; header_3_text_color=&#8220;#3A5F4B&#8220; header_3_font_size=&#8220;21px&#8220; header_3_line_height=&#8220;1.2em&#8220; custom_padding=&#8220;20px|20px|20px|20px|true|true&#8220; header_2_font_size_tablet=&#8220;24px&#8220; header_2_font_size_phone=&#8220;22px&#8220; header_2_font_size_last_edited=&#8220;on|phone&#8220; border_radii=&#8220;off|20px|20px|20px|20px&#8220; global_colors_info=&#8220;{}&#8220;]<\/p>\n<h3><strong>Ben\u00f6tige ich einen Angelschein f\u00fcr den See?<\/strong><\/h3>\n<p>F\u00fcr den See wird\u00a0kein Angelschein ben\u00f6tigt. Auch das Mitbringen eines Elektromotors f\u00fcr das Boot ist erlaubt.<\/p>\n<p>Weitere Informationen zum Angeln in der Region findet ihr hier:<br \/><a href=\"https:\/\/www.ifiske.se\/de\/angeln-hallefors.htm\" target=\"_blank\" rel=\"noopener\">https:\/\/www.ifiske.se\/de\/angeln-hallefors.htm<\/a><\/p>\n<p>[\/et_pb_text][\/et_pb_column][et_pb_column type=&#8220;1_2&#8243; _builder_version=&#8220;4.27.5&#8243; _module_preset=&#8220;default&#8220; background_color=&#8220;rgba(211,201,180,0.38)&#8220; border_radii=&#8220;on|5px|5px|5px|5px&#8220; global_colors_info=&#8220;{}&#8220;][et_pb_icon font_icon=&#8220;&#xe064;||divi||400&#8243; icon_color=&#8220;#D3C9B4&#8243; icon_width=&#8220;38px&#8220; align=&#8220;left&#8220; _builder_version=&#8220;4.27.5&#8243; _module_preset=&#8220;default&#8220; custom_margin=&#8220;12px|0px|-22px|0px|false|true&#8220; custom_padding=&#8220;10px|20px|10px|20px|true|false&#8220; border_color_all=&#8220;#8A413A&#8220; global_colors_info=&#8220;{}&#8220;][\/et_pb_icon][et_pb_text _builder_version=&#8220;4.27.5&#8243; _module_preset=&#8220;default&#8220; header_2_font=&#8220;Montserrat||||||||&#8220; header_2_text_color=&#8220;#8a413a&#8220; header_2_line_height=&#8220;1.2em&#8220; header_3_font=&#8220;&#8211;et_global_body_font||||||||&#8220; header_3_text_align=&#8220;left&#8220; header_3_text_color=&#8220;#3A5F4B&#8220; header_3_font_size=&#8220;21px&#8220; header_3_line_height=&#8220;1.2em&#8220; custom_padding=&#8220;20px|20px|20px|20px|true|true&#8220; header_2_font_size_tablet=&#8220;24px&#8220; header_2_font_size_phone=&#8220;22px&#8220; header_2_font_size_last_edited=&#8220;on|phone&#8220; border_radii=&#8220;off|20px|20px|20px|20px&#8220; global_colors_info=&#8220;{}&#8220;]<\/p>\n<h3><strong>Sind Haustiere im Ferienhaus erlaubt?<\/strong><\/h3>\n<p>Hunde sind nach\u00a0vorheriger Absprache\u00a0herzlich willkommen.<\/p>\n<p>Bitte beachtet vor der Buchung unsere Bedingungen zur Mitnahme von Haustieren. Diese findet ihr in unserer Hausordnung.<\/p>\n<p>Informationen zur Einreise mit Hund nach Schweden:<br \/><a href=\"https:\/\/www.tullverket.se\/en\/startpage\/private\/travelling\/bringinggoodswhentravelling\/travellingwithanimals\/travellingwithdogorcat.4.311bf4f016e69d6ea0d93c.html\" target=\"_blank\" rel=\"noopener\">https:\/\/www.tullverket.se\/en\/startpage\/private\/travelling\/bringinggoodswhentravelling\/travellingwithanimals\/travellingwithdogorcat.4.311bf4f016e69d6ea0d93c.html<\/a><\/p>\n<p>[\/et_pb_text][\/et_pb_column][\/et_pb_row][et_pb_row column_structure=&#8220;1_2,1_2&#8243; use_custom_gutter=&#8220;on&#8220; make_equal=&#8220;on&#8220; _builder_version=&#8220;4.27.5&#8243; _module_preset=&#8220;default&#8220; background_color=&#8220;RGBA(255,255,255,0)&#8220; custom_margin=&#8220;-2px|auto||auto||&#8220; locked=&#8220;off&#8220; global_colors_info=&#8220;{}&#8220;][et_pb_column type=&#8220;1_2&#8243; _builder_version=&#8220;4.27.5&#8243; _module_preset=&#8220;default&#8220; background_color=&#8220;rgba(211,201,180,0.38)&#8220; border_radii=&#8220;on|5px|5px|5px|5px&#8220; global_colors_info=&#8220;{}&#8220;][et_pb_icon font_icon=&#8220;&#xe064;||divi||400&#8243; icon_color=&#8220;#D3C9B4&#8243; icon_width=&#8220;38px&#8220; align=&#8220;left&#8220; _builder_version=&#8220;4.27.5&#8243; _module_preset=&#8220;default&#8220; custom_margin=&#8220;9px|0px|-22px|0px|false|true&#8220; custom_padding=&#8220;10px|20px|10px|20px|false|false&#8220; border_color_all=&#8220;#8A413A&#8220; global_colors_info=&#8220;{}&#8220;][\/et_pb_icon][et_pb_text _builder_version=&#8220;4.27.5&#8243; _module_preset=&#8220;default&#8220; header_2_font=&#8220;Montserrat||||||||&#8220; header_2_text_color=&#8220;#8a413a&#8220; header_2_line_height=&#8220;1.2em&#8220; header_3_font=&#8220;&#8211;et_global_body_font||||||||&#8220; header_3_text_align=&#8220;left&#8220; header_3_text_color=&#8220;#3A5F4B&#8220; header_3_font_size=&#8220;21px&#8220; header_3_line_height=&#8220;1.2em&#8220; custom_padding=&#8220;20px|20px|20px|20px|true|true&#8220; header_2_font_size_tablet=&#8220;24px&#8220; header_2_font_size_phone=&#8220;22px&#8220; header_2_font_size_last_edited=&#8220;on|phone&#8220; border_radii=&#8220;off|20px|20px|20px|20px&#8220; global_colors_info=&#8220;{}&#8220;]<\/p>\n<h3><strong>Gibt es Brennholz vor Ort?<\/strong><\/h3>\n<p>Bei der Anreise stellen wir\u00a0eine gro\u00dfe Kiste Brennholz (55 Liter) kostenlos\u00a0zur Verf\u00fcgung.<\/p>\n<p>Zus\u00e4tzliches Holz kann direkt vor Ort gekauft werden. Mehrere Kisten stehen im Schuppen bereit.<\/p>\n<p>Preis pro Kiste: 10 \u20ac<\/p>\n<p>[\/et_pb_text][\/et_pb_column][et_pb_column type=&#8220;1_2&#8243; _builder_version=&#8220;4.27.5&#8243; _module_preset=&#8220;default&#8220; background_color=&#8220;rgba(211,201,180,0.38)&#8220; border_radii=&#8220;on|5px|5px|5px|5px&#8220; global_colors_info=&#8220;{}&#8220;][et_pb_icon font_icon=&#8220;&#xe064;||divi||400&#8243; icon_color=&#8220;#D3C9B4&#8243; icon_width=&#8220;38px&#8220; align=&#8220;left&#8220; _builder_version=&#8220;4.27.5&#8243; _module_preset=&#8220;default&#8220; custom_margin=&#8220;12px|0px|-22px|0px|false|true&#8220; custom_padding=&#8220;10px|20px|10px|20px|true|false&#8220; border_color_all=&#8220;#8A413A&#8220; global_colors_info=&#8220;{}&#8220;][\/et_pb_icon][et_pb_text _builder_version=&#8220;4.27.6&#8243; _module_preset=&#8220;default&#8220; header_2_font=&#8220;Montserrat||||||||&#8220; header_2_text_color=&#8220;#8a413a&#8220; header_2_line_height=&#8220;1.2em&#8220; header_3_font=&#8220;&#8211;et_global_body_font||||||||&#8220; header_3_text_align=&#8220;left&#8220; header_3_text_color=&#8220;#3A5F4B&#8220; header_3_font_size=&#8220;21px&#8220; header_3_line_height=&#8220;1.2em&#8220; custom_padding=&#8220;20px|20px|20px|20px|true|true&#8220; header_2_font_size_tablet=&#8220;24px&#8220; header_2_font_size_phone=&#8220;22px&#8220; header_2_font_size_last_edited=&#8220;on|phone&#8220; border_radii=&#8220;off|20px|20px|20px|20px&#8220; global_colors_info=&#8220;{}&#8220;]<\/p>\n<h3><strong>Ist Strom im Mietpreis enthalten?<\/strong><\/h3>\n<p>Der Strom ist\u00a0nicht im Mietpreis enthalten.<\/p>\n<p>Die Abrechnung erfolgt nach tats\u00e4chlichem Verbrauch und wird bei der Abreise bar bezahlt (Euro oder schwedische Kronen).<\/p>\n<p>Preis: 0,30 \u20ac pro kWh<a href=\"https:\/\/www.tullverket.se\/en\/startpage\/private\/travelling\/bringinggoodswhentravelling\/travellingwithanimals\/travellingwithdogorcat.4.311bf4f016e69d6ea0d93c.html\" target=\"_blank\" rel=\"noopener\"><\/a><\/p>\n<p>[\/et_pb_text][\/et_pb_column][\/et_pb_row][et_pb_row column_structure=&#8220;1_2,1_2&#8243; use_custom_gutter=&#8220;on&#8220; make_equal=&#8220;on&#8220; _builder_version=&#8220;4.27.5&#8243; _module_preset=&#8220;default&#8220; background_color=&#8220;RGBA(255,255,255,0)&#8220; custom_margin=&#8220;-2px|auto||auto||&#8220; locked=&#8220;off&#8220; global_colors_info=&#8220;{}&#8220;][et_pb_column type=&#8220;1_2&#8243; _builder_version=&#8220;4.27.5&#8243; _module_preset=&#8220;default&#8220; background_color=&#8220;rgba(211,201,180,0.38)&#8220; border_radii=&#8220;on|5px|5px|5px|5px&#8220; global_colors_info=&#8220;{}&#8220;][et_pb_icon font_icon=&#8220;&#xe064;||divi||400&#8243; icon_color=&#8220;#D3C9B4&#8243; icon_width=&#8220;38px&#8220; align=&#8220;left&#8220; _builder_version=&#8220;4.27.5&#8243; _module_preset=&#8220;default&#8220; custom_margin=&#8220;9px|0px|-22px|0px|false|true&#8220; custom_padding=&#8220;10px|20px|10px|20px|false|false&#8220; border_color_all=&#8220;#8A413A&#8220; global_colors_info=&#8220;{}&#8220;][\/et_pb_icon][et_pb_text _builder_version=&#8220;4.27.5&#8243; _module_preset=&#8220;default&#8220; header_2_font=&#8220;Montserrat||||||||&#8220; header_2_text_color=&#8220;#8a413a&#8220; header_2_line_height=&#8220;1.2em&#8220; header_3_font=&#8220;&#8211;et_global_body_font||||||||&#8220; header_3_text_align=&#8220;left&#8220; header_3_text_color=&#8220;#3A5F4B&#8220; header_3_font_size=&#8220;21px&#8220; header_3_line_height=&#8220;1.2em&#8220; custom_padding=&#8220;20px|20px|20px|20px|true|true&#8220; header_2_font_size_tablet=&#8220;24px&#8220; header_2_font_size_phone=&#8220;22px&#8220; header_2_font_size_last_edited=&#8220;on|phone&#8220; border_radii=&#8220;off|20px|20px|20px|20px&#8220; global_colors_info=&#8220;{}&#8220;]<\/p>\n<h3><strong>Welche Ausstattung gibt es f\u00fcr Kinder?<\/strong><\/h3>\n<p>Auch f\u00fcr unsere kleinen G\u00e4ste ist gesorgt:<\/p>\n<ul>\n<li>zwei Kinderfahrr\u00e4der in verschiedenen Gr\u00f6\u00dfen<\/li>\n<li>Schwimmwesten f\u00fcr Kinder<\/li>\n<li>Spielesammlung, W\u00fcrfel- und Kartenspiele<\/li>\n<li>Kinderb\u00fccher<\/li>\n<li>Hochstuhl f\u00fcr Kleinkinder<\/li>\n<li>im Winter zwei Schlitten f\u00fcr den Rodelspa\u00df<\/li>\n<\/ul>\n<p>[\/et_pb_text][\/et_pb_column][et_pb_column type=&#8220;1_2&#8243; _builder_version=&#8220;4.27.5&#8243; _module_preset=&#8220;default&#8220; background_color=&#8220;rgba(211,201,180,0.38)&#8220; border_radii=&#8220;on|5px|5px|5px|5px&#8220; global_colors_info=&#8220;{}&#8220;][et_pb_icon font_icon=&#8220;&#xe064;||divi||400&#8243; icon_color=&#8220;#D3C9B4&#8243; icon_width=&#8220;38px&#8220; align=&#8220;left&#8220; _builder_version=&#8220;4.27.5&#8243; _module_preset=&#8220;default&#8220; custom_margin=&#8220;12px|0px|-22px|0px|false|true&#8220; custom_padding=&#8220;10px|20px|10px|20px|true|false&#8220; border_color_all=&#8220;#8A413A&#8220; global_colors_info=&#8220;{}&#8220;][\/et_pb_icon][et_pb_text _builder_version=&#8220;4.27.5&#8243; _module_preset=&#8220;default&#8220; header_2_font=&#8220;Montserrat||||||||&#8220; header_2_text_color=&#8220;#8a413a&#8220; header_2_line_height=&#8220;1.2em&#8220; header_3_font=&#8220;&#8211;et_global_body_font||||||||&#8220; header_3_text_align=&#8220;left&#8220; header_3_text_color=&#8220;#3A5F4B&#8220; header_3_font_size=&#8220;21px&#8220; header_3_line_height=&#8220;1.2em&#8220; custom_padding=&#8220;20px|20px|20px|20px|true|true&#8220; header_2_font_size_tablet=&#8220;24px&#8220; header_2_font_size_phone=&#8220;22px&#8220; header_2_font_size_last_edited=&#8220;on|phone&#8220; border_radii=&#8220;off|20px|20px|20px|20px&#8220; global_colors_info=&#8220;{}&#8220;]<\/p>\n<h3><strong>Wie l\u00e4uft der Check-in ab?<\/strong><\/h3>\n<p>Die Anreise ist ab\u00a016:00 Uhr\u00a0m\u00f6glich. Nach vorheriger Absprache kann auch eine fr\u00fchere Anreise vereinbart werden.<\/p>\n<p>Der Schl\u00fcssel befindet sich in einem Schl\u00fcsselsafe. Den Code erhalten unsere G\u00e4ste vor der Anreise.<\/p>\n<p>Am Anreisetag f\u00fchren wir zus\u00e4tzlich eine\u00a0pers\u00f6nliche \u00dcbergabe\u00a0durch, um offene Fragen zu kl\u00e4ren und wichtige Informationen zu erkl\u00e4ren.<\/p>\n<p>[\/et_pb_text][\/et_pb_column][\/et_pb_row][et_pb_row column_structure=&#8220;1_2,1_2&#8243; use_custom_gutter=&#8220;on&#8220; make_equal=&#8220;on&#8220; _builder_version=&#8220;4.27.5&#8243; _module_preset=&#8220;default&#8220; background_color=&#8220;RGBA(255,255,255,0)&#8220; custom_margin=&#8220;-2px|auto||auto||&#8220; locked=&#8220;off&#8220; global_colors_info=&#8220;{}&#8220;][et_pb_column type=&#8220;1_2&#8243; _builder_version=&#8220;4.27.5&#8243; _module_preset=&#8220;default&#8220; background_color=&#8220;rgba(211,201,180,0.38)&#8220; border_radii=&#8220;on|5px|5px|5px|5px&#8220; global_colors_info=&#8220;{}&#8220;][et_pb_icon font_icon=&#8220;&#xe064;||divi||400&#8243; icon_color=&#8220;#D3C9B4&#8243; icon_width=&#8220;38px&#8220; align=&#8220;left&#8220; _builder_version=&#8220;4.27.5&#8243; _module_preset=&#8220;default&#8220; custom_margin=&#8220;9px|0px|-22px|0px|false|true&#8220; custom_padding=&#8220;10px|20px|10px|20px|false|false&#8220; border_color_all=&#8220;#8A413A&#8220; global_colors_info=&#8220;{}&#8220;][\/et_pb_icon][et_pb_text _builder_version=&#8220;4.27.5&#8243; _module_preset=&#8220;default&#8220; header_2_font=&#8220;Montserrat||||||||&#8220; header_2_text_color=&#8220;#8a413a&#8220; header_2_line_height=&#8220;1.2em&#8220; header_3_font=&#8220;&#8211;et_global_body_font||||||||&#8220; header_3_text_align=&#8220;left&#8220; header_3_text_color=&#8220;#3A5F4B&#8220; header_3_font_size=&#8220;21px&#8220; header_3_line_height=&#8220;1.2em&#8220; custom_padding=&#8220;20px|20px|20px|20px|true|true&#8220; header_2_font_size_tablet=&#8220;24px&#8220; header_2_font_size_phone=&#8220;22px&#8220; header_2_font_size_last_edited=&#8220;on|phone&#8220; border_radii=&#8220;off|20px|20px|20px|20px&#8220; global_colors_info=&#8220;{}&#8220;]<\/p>\n<h3><strong>Kann ich meine Buchung stornieren?<\/strong><\/h3>\n<p>Eine kostenfreie Stornierung ist\u00a0bis 60 Tage vor Anreise\u00a0m\u00f6glich. Bereits gezahlte Betr\u00e4ge werden in diesem Fall vollst\u00e4ndig erstattet.<\/p>\n<p>Nach Ablauf der 60 Tage gelten folgende Stornogeb\u00fchren:<\/p>\n<ul>\n<li>ab 59 Tage vor Anreise:\u00a050 %\u00a0des Gesamtpreises<\/li>\n<li>ab 30 Tage vor Anreise:\u00a080 %\u00a0des Gesamtpreises<\/li>\n<li>ab 14 Tage vor Anreise:\u00a0100 %\u00a0des Gesamtpreises<\/li>\n<\/ul>\n<p>Wir bitten um eine m\u00f6glichst fr\u00fchzeitige Mitteilung im Stornofall. Wir empfehlen zus\u00e4tzlich den Abschluss einer Reiser\u00fccktrittsversicherung.<\/p>\n<p>[\/et_pb_text][\/et_pb_column][et_pb_column type=&#8220;1_2&#8243; _builder_version=&#8220;4.27.5&#8243; _module_preset=&#8220;default&#8220; background_color=&#8220;rgba(211,201,180,0.38)&#8220; border_radii=&#8220;on|5px|5px|5px|5px&#8220; global_colors_info=&#8220;{}&#8220;][et_pb_icon font_icon=&#8220;&#xe064;||divi||400&#8243; icon_color=&#8220;#D3C9B4&#8243; icon_width=&#8220;38px&#8220; align=&#8220;left&#8220; _builder_version=&#8220;4.27.5&#8243; _module_preset=&#8220;default&#8220; custom_margin=&#8220;12px|0px|-22px|0px|false|true&#8220; custom_padding=&#8220;10px|20px|10px|20px|true|false&#8220; border_color_all=&#8220;#8A413A&#8220; global_colors_info=&#8220;{}&#8220;][\/et_pb_icon][et_pb_text _builder_version=&#8220;4.27.5&#8243; _module_preset=&#8220;default&#8220; header_2_font=&#8220;Montserrat||||||||&#8220; header_2_text_color=&#8220;#8a413a&#8220; header_2_line_height=&#8220;1.2em&#8220; header_3_font=&#8220;&#8211;et_global_body_font||||||||&#8220; header_3_text_align=&#8220;left&#8220; header_3_text_color=&#8220;#3A5F4B&#8220; header_3_font_size=&#8220;21px&#8220; header_3_line_height=&#8220;1.2em&#8220; custom_padding=&#8220;20px|20px|20px|20px|true|true&#8220; header_2_font_size_tablet=&#8220;24px&#8220; header_2_font_size_phone=&#8220;22px&#8220; header_2_font_size_last_edited=&#8220;on|phone&#8220; border_radii=&#8220;off|20px|20px|20px|20px&#8220; global_colors_info=&#8220;{}&#8220;]<\/p>\n<h3><strong>Was ist im Ferienhaus bereits vorhanden?<\/strong><\/h3>\n<p>Bei der Anreise steht eine\u00a0Grundausstattung\u00a0bereit:<\/p>\n<ul>\n<li>frisch bezogene Betten<\/li>\n<li>frische Handt\u00fccher im Bad<\/li>\n<li>Geschirrhandt\u00fccher<\/li>\n<li>Toilettenpapier und K\u00fcchenrolle<\/li>\n<li>Gew\u00fcrze, Mehl, Zucker und Speise\u00f6l<\/li>\n<\/ul>\n<p>Diese Ausstattung ist unabh\u00e4ngig vom gebuchten W\u00e4schepaket enthalten.<\/p>\n<p>[\/et_pb_text][\/et_pb_column][\/et_pb_row][et_pb_row _builder_version=&#8220;4.27.5&#8243; _module_preset=&#8220;default&#8220; background_color=&#8220;#3A5F4B&#8220; width=&#8220;52%&#8220; border_radii=&#8220;off|20px|20px|20px|20px&#8220; global_colors_info=&#8220;{}&#8220;][et_pb_column type=&#8220;4_4&#8243; _builder_version=&#8220;4.27.5&#8243; _module_preset=&#8220;default&#8220; global_colors_info=&#8220;{}&#8220;][et_pb_text _builder_version=&#8220;4.27.5&#8243; _module_preset=&#8220;default&#8220; text_text_color=&#8220;#F9F9F6&#8243; max_width=&#8220;80%&#8220; module_alignment=&#8220;center&#8220; global_colors_info=&#8220;{}&#8220;]<\/p>\n<p><strong>Wenn eure Frage hier nicht beantwortet wurde oder ihr besondere W\u00fcnsche habt, schreibt uns einfach.<\/strong><\/p>\n<p><strong>Wir kennen die Region seit vielen Jahren und unterst\u00fctzen euch gern bei der Planung eures Aufenthalts.<\/strong><\/p>\n<p><strong>Wir freuen uns darauf, euch bald in Schweden willkommen zu hei\u00dfen.<\/strong><\/p>\n<p>[\/et_pb_text][\/et_pb_column][\/et_pb_row][\/et_pb_section]<\/p>\n","protected":false},"excerpt":{"rendered":"<p>Damit ihr euren Urlaub in Bergslagen entspannt planen k\u00f6nnt, haben wir hier die wichtigsten Fragen rund um unsere Ferienh\u00e4user f\u00fcr euch zusammengestellt.\u00a0 Sollte dennoch etwas unklar sein, meldet euch jederzeit gern bei uns \u2013 wir helfen euch pers\u00f6nlich weiter.Ben\u00f6tige ich einen Angelschein f\u00fcr den See? F\u00fcr den See wird\u00a0kein Angelschein ben\u00f6tigt. Auch das Mitbringen eines [&hellip;]<\/p>\n","protected":false},"author":15,"featured_media":0,"parent":0,"menu_order":0,"comment_status":"closed","ping_status":"closed","template":"","meta":{"_et_pb_use_builder":"on","_et_pb_old_content":"","_et_gb_content_width":"","footnotes":""},"class_list":["post-649","page","type-page","status-publish","hentry"],"_links":{"self":[{"href":"https:\/\/www.naturhaus-bergslagen.com\/en\/wp-json\/wp\/v2\/pages\/649","targetHints":{"allow":["GET"]}}],"collection":[{"href":"https:\/\/www.naturhaus-bergslagen.com\/en\/wp-json\/wp\/v2\/pages"}],"about":[{"href":"https:\/\/www.naturhaus-bergslagen.com\/en\/wp-json\/wp\/v2\/types\/page"}],"author":[{"embeddable":true,"href":"https:\/\/www.naturhaus-bergslagen.com\/en\/wp-json\/wp\/v2\/users\/15"}],"replies":[{"embeddable":true,"href":"https:\/\/www.naturhaus-bergslagen.com\/en\/wp-json\/wp\/v2\/comments?post=649"}],"version-history":[{"count":10,"href":"https:\/\/www.naturhaus-bergslagen.com\/en\/wp-json\/wp\/v2\/pages\/649\/revisions"}],"predecessor-version":[{"id":1236,"href":"https:\/\/www.naturhaus-bergslagen.com\/en\/wp-json\/wp\/v2\/pages\/649\/revisions\/1236"}],"wp:attachment":[{"href":"https:\/\/www.naturhaus-bergslagen.com\/en\/wp-json\/wp\/v2\/media?parent=649"}],"curies":[{"name":"wp","href":"https:\/\/api.w.org\/{rel}","templated":true}]}}