{"id":62,"date":"2026-01-18T21:23:32","date_gmt":"2026-01-18T20:23:32","guid":{"rendered":"https:\/\/www.naturhaus-bergslagen.com\/?page_id=62"},"modified":"2026-04-14T18:22:02","modified_gmt":"2026-04-14T16:22:02","slug":"kontakt","status":"publish","type":"page","link":"https:\/\/www.naturhaus-bergslagen.com\/en\/kontakt\/","title":{"rendered":"Contact"},"content":{"rendered":"<p>[et_pb_section fb_built=&#8220;1&#8243; _builder_version=&#8220;4.27.5&#8243; _module_preset=&#8220;default&#8220; global_colors_info=&#8220;{}&#8220;][et_pb_row _builder_version=&#8220;4.27.6&#8243; _module_preset=&#8220;default&#8220; global_colors_info=&#8220;{}&#8220;][et_pb_column type=&#8220;4_4&#8243; _builder_version=&#8220;4.27.6&#8243; _module_preset=&#8220;default&#8220; global_colors_info=&#8220;{}&#8220;][et_pb_heading title=&#8220;Unverbindlich anfragen&#8220; _builder_version=&#8220;4.27.6&#8243; _module_preset=&#8220;default&#8220; title_text_align=&#8220;center&#8220; title_font_size=&#8220;28px&#8220; custom_margin=&#8220;||8px|||&#8220; hover_enabled=&#8220;0&#8243; global_colors_info=&#8220;{}&#8220; title_font=&#8220;&#8211;et_global_heading_font||||||||&#8220; sticky_enabled=&#8220;0&#8243;][\/et_pb_heading][et_pb_text _builder_version=&#8220;4.27.6&#8243; _module_preset=&#8220;default&#8220; header_2_font=&#8220;&#8211;et_global_body_font||||||||&#8220; header_2_text_align=&#8220;center&#8220; header_2_text_color=&#8220;#3A5F4B&#8220; header_2_font_size=&#8220;25px&#8220; hover_enabled=&#8220;0&#8243; global_colors_info=&#8220;{}&#8220; sticky_enabled=&#8220;0&#8243;]<\/p>\n<h2 style=\"text-align: center;\">Antwort in der Regel innerhalb von 24 h<\/h2>\n<p>[\/et_pb_text][\/et_pb_column][\/et_pb_row][et_pb_row column_structure=&#8220;1_2,1_2&#8243; _builder_version=&#8220;4.27.6&#8243; _module_preset=&#8220;default&#8220; background_color=&#8220;#F9F9F6&#8243; box_shadow_style=&#8220;preset1&#8243; locked=&#8220;off&#8220; global_colors_info=&#8220;{}&#8220;][et_pb_column type=&#8220;1_2&#8243; _builder_version=&#8220;4.27.5&#8243; _module_preset=&#8220;default&#8220; global_colors_info=&#8220;{}&#8220;][et_pb_contact_form email=&#8220;ferienhaus.bjorksjon@gmail.com,olaf.weirauch@gmail.com&#8220; title=&#8220;Anfrage Naturhaus Bergslagen&#8220; custom_message=&#8220;%%Name%%||et_pb_line_break_holder||%%Email%%||et_pb_line_break_holder||%%Zeitraum%%||et_pb_line_break_holder||%%Anzahl_Personen%%||et_pb_line_break_holder||%%Welche_Unterkunft%%||et_pb_line_break_holder||%%Tiere%%||et_pb_line_break_holder||%%Message%%||et_pb_line_break_holder||&#8220; success_message=&#8220;Vielen Dank f\u00fcr die Anfrage, wir melden uns sobald wie m\u00f6glich.&#8220; submit_button_text=&#8220;Anfrage absenden&#8220; _builder_version=&#8220;4.27.6&#8243; _module_preset=&#8220;default&#8220; _unique_id=&#8220;90289de2-0921-48c8-aaf3-4b0b1b4310c2&#8243; form_field_background_color=&#8220;rgba(211,201,180,0.36)&#8220; form_field_text_color=&#8220;#8A413A&#8220; form_field_custom_margin=&#8220;10px||10px||true|false&#8220; title_level=&#8220;h3&#8243; title_text_align=&#8220;left&#8220; title_font_size=&#8220;21px&#8220; captcha_font=&#8220;&#8211;et_global_body_font||||||||&#8220; captcha_text_color=&#8220;#000000&#8243; captcha_font_size=&#8220;18px&#8220; captcha_line_height=&#8220;1.4em&#8220; form_field_font=&#8220;&#8211;et_global_body_font||||||||&#8220; form_field_text_align=&#8220;left&#8220; form_field_line_height=&#8220;1.8em&#8220; custom_button=&#8220;on&#8220; button_text_size=&#8220;14px&#8220; button_text_color=&#8220;#FFFFFF&#8220; button_border_radius=&#8220;17px&#8220; button_letter_spacing=&#8220;0px&#8220; button_font=&#8220;&#8211;et_global_body_font||||||||&#8220; button_custom_margin=&#8220;19px|10px|0px|10px|false|false&#8220; button_custom_padding=&#8220;1px|10px|1px|10px|true|true&#8220; custom_margin=&#8220;-10px|20px|-10px|20px|true|true&#8220; custom_padding=&#8220;0px|18px|0px|18px|true|true&#8220; hover_enabled=&#8220;0&#8243; border_radii=&#8220;off|10px|10px|10px|10px&#8220; global_colors_info=&#8220;{}&#8220; title_font=&#8220;&#8211;et_global_heading_font||||||||&#8220; sticky_enabled=&#8220;0&#8243;][et_pb_contact_field field_id=&#8220;Name&#8220; field_title=&#8220;Name&#8220; _builder_version=&#8220;4.27.6&#8243; global_colors_info=&#8220;{}&#8220; button_text_size__hover_enabled=&#8220;off&#8220; button_one_text_size__hover_enabled=&#8220;off&#8220; button_two_text_size__hover_enabled=&#8220;off&#8220; button_text_color__hover_enabled=&#8220;off&#8220; button_one_text_color__hover_enabled=&#8220;off&#8220; button_two_text_color__hover_enabled=&#8220;off&#8220; button_border_width__hover_enabled=&#8220;off&#8220; button_one_border_width__hover_enabled=&#8220;off&#8220; button_two_border_width__hover_enabled=&#8220;off&#8220; button_border_color__hover_enabled=&#8220;off&#8220; button_one_border_color__hover_enabled=&#8220;off&#8220; button_two_border_color__hover_enabled=&#8220;off&#8220; button_border_radius__hover_enabled=&#8220;off&#8220; button_one_border_radius__hover_enabled=&#8220;off&#8220; button_two_border_radius__hover_enabled=&#8220;off&#8220; button_letter_spacing__hover_enabled=&#8220;off&#8220; button_one_letter_spacing__hover_enabled=&#8220;off&#8220; button_two_letter_spacing__hover_enabled=&#8220;off&#8220; button_bg_color__hover_enabled=&#8220;off&#8220; button_one_bg_color__hover_enabled=&#8220;off&#8220; button_two_bg_color__hover_enabled=&#8220;off&#8220;][\/et_pb_contact_field][et_pb_contact_field field_id=&#8220;Email&#8220; field_title=&#8220;E-Mail-Adresse&#8220; field_type=&#8220;email&#8220; _builder_version=&#8220;4.16&#8243; global_colors_info=&#8220;{}&#8220; button_text_size__hover_enabled=&#8220;off&#8220; button_one_text_size__hover_enabled=&#8220;off&#8220; button_two_text_size__hover_enabled=&#8220;off&#8220; button_text_color__hover_enabled=&#8220;off&#8220; button_one_text_color__hover_enabled=&#8220;off&#8220; button_two_text_color__hover_enabled=&#8220;off&#8220; button_border_width__hover_enabled=&#8220;off&#8220; button_one_border_width__hover_enabled=&#8220;off&#8220; button_two_border_width__hover_enabled=&#8220;off&#8220; button_border_color__hover_enabled=&#8220;off&#8220; button_one_border_color__hover_enabled=&#8220;off&#8220; button_two_border_color__hover_enabled=&#8220;off&#8220; button_border_radius__hover_enabled=&#8220;off&#8220; button_one_border_radius__hover_enabled=&#8220;off&#8220; button_two_border_radius__hover_enabled=&#8220;off&#8220; button_letter_spacing__hover_enabled=&#8220;off&#8220; button_one_letter_spacing__hover_enabled=&#8220;off&#8220; button_two_letter_spacing__hover_enabled=&#8220;off&#8220; button_bg_color__hover_enabled=&#8220;off&#8220; button_one_bg_color__hover_enabled=&#8220;off&#8220; button_two_bg_color__hover_enabled=&#8220;off&#8220;][\/et_pb_contact_field][et_pb_contact_field field_id=&#8220;Zeitraum&#8220; field_title=&#8220;Reisezeitraum: Anreise + Abreise (Datum)&#8220; fullwidth_field=&#8220;on&#8220; _builder_version=&#8220;4.27.6&#8243; _module_preset=&#8220;default&#8220; link_option_url=&#8220;#&#8220; global_colors_info=&#8220;{}&#8220;][\/et_pb_contact_field][et_pb_contact_field field_id=&#8220;Anzahl_Personen&#8220; field_title=&#8220;Anzahl Personen&#8220; fullwidth_field=&#8220;on&#8220; _builder_version=&#8220;4.27.6&#8243; _module_preset=&#8220;default&#8220; link_option_url=&#8220;#&#8220; global_colors_info=&#8220;{}&#8220;][\/et_pb_contact_field][et_pb_contact_field field_id=&#8220;Welche_Unterkunft&#8220; field_title=&#8220;Welche Unterkunft&#8220; field_type=&#8220;radio&#8220; radio_options=&#8220;%91{%22value%22:%22Ferienhaus Seeblick%22,%22checked%22:0,%22dragID%22:-1},{%22value%22:%22Ferienhaus Bergblick%22,%22checked%22:0,%22dragID%22:0},{%22value%22:%22Noch unsicher%22,%22checked%22:0,%22dragID%22:1}%93&#8243; fullwidth_field=&#8220;on&#8220; _builder_version=&#8220;4.27.6&#8243; _module_preset=&#8220;default&#8220; global_colors_info=&#8220;{}&#8220;][\/et_pb_contact_field][et_pb_contact_field field_id=&#8220;Tiere&#8220; field_title=&#8220;Wir reisen mit Hund an (max. 2 Hunde)&#8220; field_type=&#8220;radio&#8220; radio_options=&#8220;%91{%22value%22:%22Ja%22,%22checked%22:0,%22dragID%22:-1},{%22value%22:%22Nein%22,%22checked%22:0,%22dragID%22:0}%93&#8243; fullwidth_field=&#8220;on&#8220; _builder_version=&#8220;4.27.6&#8243; _module_preset=&#8220;default&#8220; global_colors_info=&#8220;{}&#8220;][\/et_pb_contact_field][et_pb_contact_field field_id=&#8220;Message&#8220; field_title=&#8220;Nachricht&#8220; field_type=&#8220;text&#8220; fullwidth_field=&#8220;on&#8220; _builder_version=&#8220;4.27.5&#8243; global_colors_info=&#8220;{}&#8220; button_text_size__hover_enabled=&#8220;off&#8220; button_one_text_size__hover_enabled=&#8220;off&#8220; button_two_text_size__hover_enabled=&#8220;off&#8220; button_text_color__hover_enabled=&#8220;off&#8220; button_one_text_color__hover_enabled=&#8220;off&#8220; button_two_text_color__hover_enabled=&#8220;off&#8220; button_border_width__hover_enabled=&#8220;off&#8220; button_one_border_width__hover_enabled=&#8220;off&#8220; button_two_border_width__hover_enabled=&#8220;off&#8220; button_border_color__hover_enabled=&#8220;off&#8220; button_one_border_color__hover_enabled=&#8220;off&#8220; button_two_border_color__hover_enabled=&#8220;off&#8220; button_border_radius__hover_enabled=&#8220;off&#8220; button_one_border_radius__hover_enabled=&#8220;off&#8220; button_two_border_radius__hover_enabled=&#8220;off&#8220; button_letter_spacing__hover_enabled=&#8220;off&#8220; button_one_letter_spacing__hover_enabled=&#8220;off&#8220; button_two_letter_spacing__hover_enabled=&#8220;off&#8220; button_bg_color__hover_enabled=&#8220;off&#8220; button_one_bg_color__hover_enabled=&#8220;off&#8220; button_two_bg_color__hover_enabled=&#8220;off&#8220;][\/et_pb_contact_field][\/et_pb_contact_form][\/et_pb_column][et_pb_column type=&#8220;1_2&#8243; _builder_version=&#8220;4.27.6&#8243; _module_preset=&#8220;default&#8220; background_color=&#8220;RGBA(255,255,255,0)&#8220; global_colors_info=&#8220;{}&#8220;][et_pb_image src=&#8220;https:\/\/www.naturhaus-bergslagen.com\/wp-content\/uploads\/2026\/03\/260306_karte.jpg&#8220; alt=&#8220;karte_Lage&#8220; _builder_version=&#8220;4.27.6&#8243; _module_preset=&#8220;default&#8220; custom_margin=&#8220;0px||20px||false|false&#8220; custom_padding=&#8220;0px|30px|0px|30px|false|false&#8220; custom_padding_tablet=&#8220;0px|30px|0px|30px|false|false&#8220; custom_padding_phone=&#8220;|20px||20px|false|true&#8220; custom_padding_last_edited=&#8220;on|tablet&#8220; border_width_all=&#8220;3px&#8220; border_color_all=&#8220;#993333&#8243; global_colors_info=&#8220;{}&#8220; custom_padding__hover_enabled=&#8220;off|desktop&#8220;][\/et_pb_image][et_pb_blurb title=&#8220;Das Haus befindet sich in der Kommune H\u00e4llefors, PLZ 71293&#8243; image=&#8220;https:\/\/www.naturhaus-bergslagen.com\/wp-content\/uploads\/2026\/03\/bjoerksjoen.jpg&#8220; alt=&#8220;bjoerksjoen&#8220; _builder_version=&#8220;4.27.6&#8243; _module_preset=&#8220;default&#8220; header_font=&#8220;&#8211;et_global_body_font||||||||&#8220; header_text_color=&#8220;#3A5F4B&#8220; custom_padding=&#8220;|30px||30px|false|false&#8220; custom_padding_tablet=&#8220;|30px||30px|false|false&#8220; custom_padding_phone=&#8220;|20px||20px|false|true&#8220; custom_padding_last_edited=&#8220;on|phone&#8220; hover_enabled=&#8220;0&#8243; global_colors_info=&#8220;{}&#8220; body_font=&#8220;&#8211;et_global_body_font||||||||&#8220; sticky_enabled=&#8220;0&#8243;]<\/p>\n<p>Aus Sicherheitsgr\u00fcnden f\u00fcr uns und unsere G\u00e4ste geben wir die vollst\u00e4ndige Adresse erst nach der Buchung frei.<\/p>\n<p>[\/et_pb_blurb][\/et_pb_column][\/et_pb_row][\/et_pb_section]<\/p>\n","protected":false},"excerpt":{"rendered":"<p>Antwort in der Regel innerhalb von 24 hAus Sicherheitsgr\u00fcnden f\u00fcr uns und unsere G\u00e4ste geben wir die vollst\u00e4ndige Adresse erst nach der Buchung frei.<\/p>","protected":false},"author":15,"featured_media":0,"parent":0,"menu_order":0,"comment_status":"closed","ping_status":"closed","template":"","meta":{"_et_pb_use_builder":"on","_et_pb_old_content":"","_et_gb_content_width":"","footnotes":""},"class_list":["post-62","page","type-page","status-publish","hentry"],"_links":{"self":[{"href":"https:\/\/www.naturhaus-bergslagen.com\/en\/wp-json\/wp\/v2\/pages\/62","targetHints":{"allow":["GET"]}}],"collection":[{"href":"https:\/\/www.naturhaus-bergslagen.com\/en\/wp-json\/wp\/v2\/pages"}],"about":[{"href":"https:\/\/www.naturhaus-bergslagen.com\/en\/wp-json\/wp\/v2\/types\/page"}],"author":[{"embeddable":true,"href":"https:\/\/www.naturhaus-bergslagen.com\/en\/wp-json\/wp\/v2\/users\/15"}],"replies":[{"embeddable":true,"href":"https:\/\/www.naturhaus-bergslagen.com\/en\/wp-json\/wp\/v2\/comments?post=62"}],"version-history":[{"count":10,"href":"https:\/\/www.naturhaus-bergslagen.com\/en\/wp-json\/wp\/v2\/pages\/62\/revisions"}],"predecessor-version":[{"id":1320,"href":"https:\/\/www.naturhaus-bergslagen.com\/en\/wp-json\/wp\/v2\/pages\/62\/revisions\/1320"}],"wp:attachment":[{"href":"https:\/\/www.naturhaus-bergslagen.com\/en\/wp-json\/wp\/v2\/media?parent=62"}],"curies":[{"name":"wp","href":"https:\/\/api.w.org\/{rel}","templated":true}]}}