{"id":569,"date":"2026-02-03T16:16:20","date_gmt":"2026-02-03T15:16:20","guid":{"rendered":"https:\/\/www.naturhaus-bergslagen.com\/?page_id=569"},"modified":"2026-03-10T11:40:34","modified_gmt":"2026-03-10T10:40:34","slug":"hausordnung","status":"publish","type":"page","link":"https:\/\/www.naturhaus-bergslagen.com\/en\/hausordnung\/","title":{"rendered":"House Rules"},"content":{"rendered":"<p>[et_pb_section fb_built=&#8220;1&#8243; _builder_version=&#8220;4.27.5&#8243; _module_preset=&#8220;default&#8220; global_colors_info=&#8220;{}&#8220;][et_pb_row _builder_version=&#8220;4.27.5&#8243; _module_preset=&#8220;default&#8220; global_colors_info=&#8220;{}&#8220;][et_pb_column type=&#8220;4_4&#8243; _builder_version=&#8220;4.27.5&#8243; _module_preset=&#8220;default&#8220; global_colors_info=&#8220;{}&#8220;][et_pb_heading title=&#8220;Hausordnung&#8220; _builder_version=&#8220;4.27.5&#8243; _module_preset=&#8220;default&#8220; title_text_align=&#8220;center&#8220; title_text_color=&#8220;#993333&#8243; global_colors_info=&#8220;{}&#8220;][\/et_pb_heading][\/et_pb_column][\/et_pb_row][et_pb_row _builder_version=&#8220;4.27.5&#8243; _module_preset=&#8220;default&#8220; global_colors_info=&#8220;{}&#8220;][et_pb_column type=&#8220;4_4&#8243; _builder_version=&#8220;4.27.5&#8243; _module_preset=&#8220;default&#8220; global_colors_info=&#8220;{}&#8220;][et_pb_text _builder_version=&#8220;4.27.6&#8243; _module_preset=&#8220;default&#8220; header_3_font=&#8220;&#8211;et_global_body_font||||||||&#8220; header_3_text_color=&#8220;#3A5F4B&#8220; custom_padding=&#8220;|||0px||&#8220; hover_enabled=&#8220;0&#8243; global_colors_info=&#8220;{}&#8220; sticky_enabled=&#8220;0&#8243;]<\/p>\n<h2>Liebe G\u00e4ste!<\/h2>\n<p><strong>Wir freuen uns sehr, dass ihr Euch f\u00fcr unser Ferienhaus entschieden habt und Euren Urlaub in Schweden verbringen m\u00f6chtet.\u00a0<\/strong><\/p>\n<p>Wir sind immer bem\u00fcht, Einrichtung und Komfort auf einem hohen Standard zu halten, sodass sich jeder Gast bei uns wohlf\u00fchlt und es an nichts fehlt. Solltet ihr dennoch mal etwas im Inventar vermissen oder habt ihr Verbesserungsvorschl\u00e4ge, k\u00f6nnt ihr uns gern jederzeit kontaktieren.<\/p>\n<p>Alle G\u00e4ste, ob gro\u00df oder klein, sollen einen sch\u00f6nen Urlaub bei uns verbringen. Damit das so bleibt, bitten wir Euch, die Hausordnung einzuhalten.<\/p>\n<p>[\/et_pb_text][et_pb_divider _builder_version=&#8220;4.27.5&#8243; _module_preset=&#8220;default&#8220; global_colors_info=&#8220;{}&#8220;][\/et_pb_divider][et_pb_text _builder_version=&#8220;4.27.5&#8243; _module_preset=&#8220;default&#8220; header_3_font=&#8220;&#8211;et_global_body_font||||||||&#8220; header_3_text_color=&#8220;#3A5F4B&#8220; custom_padding=&#8220;|||0px||&#8220; global_colors_info=&#8220;{}&#8220;]<\/p>\n<h3>An- und Abreise<\/h3>\n<p><strong>Anreise<br \/><\/strong>Die Anreise erfolgt ab 16 Uhr. (Nach vorheriger Absprache ist dies auch zu einem fr\u00fcheren Zeitpunkt m\u00f6glich.)<\/p>\n<p>Am Anreisetag machen wir immer eine pers\u00f6nliche \u00dcbergabe mit unseren G\u00e4sten.<\/p>\n<p>Dort beantworten wir gern eventuelle Fragen und erkl\u00e4ren noch einige wichtige Dinge zum Ferienhaus. Reisen Sie jedoch erst sp\u00e4tabends an, verschiebt sich die \u00dcbergabe auf den n\u00e4chsten Tag.<strong><\/strong><\/p>\n<p><strong>Abreise<br \/><\/strong>Am Abreisetag bitten wir Euch, das Ferienhaus besenrein bis sp\u00e4testens 10 Uhr freizugeben. Bei Abreise ist der Haust\u00fcrschl\u00fcssel wieder im Schl\u00fcsselsafe zu hinterlegen und der Stromverbrauch abzurechnen.<\/p>\n<p>[\/et_pb_text][et_pb_divider _builder_version=&#8220;4.27.5&#8243; _module_preset=&#8220;default&#8220; global_colors_info=&#8220;{}&#8220;][\/et_pb_divider][et_pb_text _builder_version=&#8220;4.27.6&#8243; _module_preset=&#8220;default&#8220; header_3_font=&#8220;&#8211;et_global_body_font||||||||&#8220; header_3_text_color=&#8220;#3A5F4B&#8220; hover_enabled=&#8220;0&#8243; global_colors_info=&#8220;{}&#8220; sticky_enabled=&#8220;0&#8243;]<\/p>\n<h3>Hunde<\/h3>\n<p>Das Mitbringen von Hunden ist nach vorheriger Absprache erlaubt.<\/p>\n<p>Bitte informiert uns, direkt bei der Buchung, \u00fcber Rasse und Anzahl der Hunde.<\/p>\n<p>Das Mitbringen von mehr als zwei Hunden ist leider nicht m\u00f6glich.<\/p>\n<p><strong>Unsere Betten und das Sofa sind f\u00fcr Hunde absolut tabu! Auch nicht, wenn diese mit Decken abgedeckt werden!<\/strong><\/p>\n<p><strong>Auch das nicht genutzte Schlafzimmer stellt kein Spiel-\/oder Schlafzimmer f\u00fcr die Hunde dar! Bitte bringt ein eigenes Hundebett\/Hundedecke mit.<\/strong><\/p>\n<p>Bei Missachtung und Beschmutzung der Polsterm\u00f6bel durch Hundehaare stellen wir den Mehraufwand der Reinigung mit 150 \u20ac in Rechnung.<\/p>\n<p>In Schweden gilt f\u00fcr alle Hunde eine <strong>Leinenpflicht<\/strong>. Daher ist der Hund, auch aus R\u00fccksicht auf andere, ausschlie\u00dflich an der Leine zu f\u00fchren!<\/p>\n<p>Die im Ferienhaus vorhandenen Handt\u00fccher stehen den vierbeinigen Freunden nicht zur Verf\u00fcgung. Bitte verwendet eigene mitgebrachte Handt\u00fccher, um Euren Hund abzutrocknen.<\/p>\n<p>Mitgebrachte Hunde m\u00fcssen entsprechend <strong>haftpflichtversichert<\/strong> sein. Der Besitzer haftet f\u00fcr alle Sch\u00e4den, die sein Hund an der Einrichtung verursacht.<\/p>\n<p>Wir bitten Euch, au\u00dferhalb des Grundst\u00fccks Gassi zu gehen. Sollte es dennoch zu \u201eHinterlassenschaften\u201c kommen, bitten wir Euch, diese zu entsorgen.<\/p>\n<p>Auch im Interesse des Tieres bitten wir Euch inst\u00e4ndig, die Vierbeiner nicht alleine im Ferienhaus zu lassen.<\/p>\n<p>Der Mieter haftet f\u00fcr alle Besch\u00e4digungen oder Beschmutzungen, die durch seinen Hund entstanden sind, in voller H\u00f6he der Wiederbeschaffungskosten.<\/p>\n<p>[\/et_pb_text][et_pb_divider _builder_version=&#8220;4.27.5&#8243; _module_preset=&#8220;default&#8220; global_colors_info=&#8220;{}&#8220;][\/et_pb_divider][et_pb_text _builder_version=&#8220;4.27.5&#8243; _module_preset=&#8220;default&#8220; header_3_font=&#8220;&#8211;et_global_body_font||||||||&#8220; header_3_text_color=&#8220;#3A5F4B&#8220; global_colors_info=&#8220;{}&#8220;]<\/p>\n<h3>Reinigung<\/h3>\n<p>In Sp\u00fclbecken, Waschbecken, Dusche und WC sind keine Abf\u00e4lle, Essenreste, Hygieneartikel, Fette oder sonstige gef\u00e4hrliche Fl\u00fcssigkeiten zu werfen bzw. entsorgen, da es sonst zu unangenehmen Verstopfungen kommen kann.<\/p>\n<p>Die Kosten f\u00fcr die Entfernung der Verstopfung stellen wir mit 200 \u20ac in Rechnung.<\/p>\n<p>[\/et_pb_text][et_pb_divider _builder_version=&#8220;4.27.5&#8243; _module_preset=&#8220;default&#8220; global_colors_info=&#8220;{}&#8220;][\/et_pb_divider][et_pb_text _builder_version=&#8220;4.27.5&#8243; _module_preset=&#8220;default&#8220; header_3_font=&#8220;&#8211;et_global_body_font||||||||&#8220; header_3_text_color=&#8220;#3A5F4B&#8220; global_colors_info=&#8220;{}&#8220;]<\/p>\n<h3>K\u00fcche<\/h3>\n<p>Wir bitten Euch, Geschirr, T\u00f6pfe und Besteck nur in sauberem und trockenem Zustand in die Schr\u00e4nke zu stellen, da dies ansonsten einen hohen Mehraufwand der Endreinigung darstellt.<\/p>\n<p>Bitte stellt hei\u00dfe T\u00f6pfe und andere hei\u00dfe Gegenst\u00e4nde nicht ohne Untersetzer auf die Tische oder die Arbeitsplatte. Wir bitten euch au\u00dferdem, zum Schneiden immer ein Schneidebrett als Unterlage zu nehmen.<\/p>\n<p>Bitte hinterlasst den Innenraum von Backofen und Mikrowelle im sauberen Zustand.<\/p>\n<p>[\/et_pb_text][et_pb_divider _builder_version=&#8220;4.27.5&#8243; _module_preset=&#8220;default&#8220; global_colors_info=&#8220;{}&#8220;][\/et_pb_divider][et_pb_text _builder_version=&#8220;4.27.5&#8243; _module_preset=&#8220;default&#8220; header_3_font=&#8220;&#8211;et_global_body_font||||||||&#8220; header_3_text_color=&#8220;#3A5F4B&#8220; global_colors_info=&#8220;{}&#8220;]<\/p>\n<h3>Boot und Kanu<\/h3>\n<p>Das Boot und das Kanu d\u00fcrfen nicht am Steg angebunden werden.<\/p>\n<p>Nach einem Ausflug mit dem Boot ist dies wieder an die vorgesehene Fl\u00e4che zu ziehen. Jedem Ferienhaus steht ein eigenes Boot frei zur Verf\u00fcgung.<\/p>\n<p>Das rote Kanu teilen sich beide Ferienh\u00e4user. Die dazugeh\u00f6rigen Ruder\/Paddel stehen im jeweiligen Schuppen. Bei Verlust oder Besch\u00e4digung ist dies unverz\u00fcglich zu melden.<\/p>\n<p>Am Badeplatz sowie am Steg ist das Grillen und das Feuer machen verboten, da es sich um ein Naturschutzgebiet handelt.<\/p>\n<p>[\/et_pb_text][et_pb_divider _builder_version=&#8220;4.27.5&#8243; _module_preset=&#8220;default&#8220; global_colors_info=&#8220;{}&#8220;][\/et_pb_divider][et_pb_text _builder_version=&#8220;4.27.5&#8243; _module_preset=&#8220;default&#8220; header_3_font=&#8220;&#8211;et_global_body_font||||||||&#8220; header_3_text_color=&#8220;#3A5F4B&#8220; global_colors_info=&#8220;{}&#8220;]<\/p>\n<h3>Schl\u00fcssel<\/h3>\n<p>Ein Verlust der Schl\u00fcssel ist umgehend zu melden. Der Gast haftet f\u00fcr die Wiederbeschaffungskosten.<\/p>\n<p>[\/et_pb_text][et_pb_divider _builder_version=&#8220;4.27.5&#8243; _module_preset=&#8220;default&#8220; global_colors_info=&#8220;{}&#8220;][\/et_pb_divider][et_pb_text _builder_version=&#8220;4.27.5&#8243; _module_preset=&#8220;default&#8220; header_3_font=&#8220;&#8211;et_global_body_font||||||||&#8220; header_3_text_color=&#8220;#3A5F4B&#8220; global_colors_info=&#8220;{}&#8220;]<\/p>\n<h3>Winter \/ R\u00e4umdienst<\/h3>\n<p>Der Mieter ist selbst f\u00fcr das R\u00e4umen von Schnee und Streuen von Sand\/ Kies auf den Wegen vom Grundst\u00fcck verantwortlich. Schneeschieber und Streusand stellen wir ausreichend f\u00fcr die gesamte Mietzeit zur Verf\u00fcgung.<\/p>\n<p>[\/et_pb_text][et_pb_divider _builder_version=&#8220;4.27.5&#8243; _module_preset=&#8220;default&#8220; global_colors_info=&#8220;{}&#8220;][\/et_pb_divider][et_pb_text _builder_version=&#8220;4.27.5&#8243; _module_preset=&#8220;default&#8220; header_3_font=&#8220;&#8211;et_global_body_font||||||||&#8220; header_3_text_color=&#8220;#3A5F4B&#8220; global_colors_info=&#8220;{}&#8220;]<\/p>\n<h3>Garten und Terrasse<\/h3>\n<p>Das Grillen auf der Holzterrasse und direkt am Haus ist nicht gestattet. Wir bitten Euch auf der Gr\u00fcnfl\u00e4che zu grillen. F\u00fcr Sch\u00e4den an der Holzterasse durch eventuelle Brandflecken haftet der Mieter.<\/p>\n<p>[\/et_pb_text][et_pb_divider _builder_version=&#8220;4.27.5&#8243; _module_preset=&#8220;default&#8220; global_colors_info=&#8220;{}&#8220;][\/et_pb_divider][et_pb_text _builder_version=&#8220;4.27.5&#8243; _module_preset=&#8220;default&#8220; header_3_font=&#8220;&#8211;et_global_body_font||||||||&#8220; header_3_text_color=&#8220;#3A5F4B&#8220; global_colors_info=&#8220;{}&#8220;]<\/p>\n<h3>Rauchen<\/h3>\n<p>Jeder Gast soll sich bei uns wohlf\u00fchlen, daher ist das Rauchen im Ferienhaus nicht erlaubt.<\/p>\n<p>[\/et_pb_text][et_pb_divider _builder_version=&#8220;4.27.5&#8243; _module_preset=&#8220;default&#8220; global_colors_info=&#8220;{}&#8220;][\/et_pb_divider][et_pb_text _builder_version=&#8220;4.27.5&#8243; _module_preset=&#8220;default&#8220; header_3_font=&#8220;&#8211;et_global_body_font||||||||&#8220; header_3_text_color=&#8220;#3A5F4B&#8220; global_colors_info=&#8220;{}&#8220;]<\/p>\n<h3>Internet<\/h3>\n<p>Im Ferienhaus ist ein kabelloser Internetanschluss (WLAN) vorhanden. Ihr nutzt das Internet auf eigene Gefahr, der Vermieter schlie\u00dft jede Haftung im Zusammenhang mit der Internetnutzung des Mieters aus.<\/p>\n<p>Bitte bedenkt, dass wir ein Ferienhaus vermieten und keine B\u00fcror\u00e4umlichkeiten. Es kann aufgrund von Wartungen, Unwetter oder anderen Einfl\u00fcssen auch mal zu St\u00f6rungen der Internetverbindung kommen.<\/p>\n<p>[\/et_pb_text][et_pb_divider _builder_version=&#8220;4.27.5&#8243; _module_preset=&#8220;default&#8220; global_colors_info=&#8220;{}&#8220;][\/et_pb_divider][et_pb_text _builder_version=&#8220;4.27.5&#8243; _module_preset=&#8220;default&#8220; header_3_font=&#8220;&#8211;et_global_body_font||||||||&#8220; header_3_text_color=&#8220;#3A5F4B&#8220; global_colors_info=&#8220;{}&#8220;]<\/p>\n<h3>M\u00fcll<\/h3>\n<p>Wir bitten Euch, den M\u00fcll zu trennen. Bioabf\u00e4lle und Essensreste k\u00f6nnen in den Kompostbeh\u00e4lter auf dem Grundst\u00fcck entsorgt werden. F\u00fcr Glas, Plastik, Papier und Pappe gibt es hinter den Bahnschienen gro\u00dfe Abfallbeh\u00e4lter, wo der jeweilige M\u00fcll entsorgt werden kann. F\u00fcr Hausm\u00fcll steht die gr\u00fcne Tonne zur Verf\u00fcgung.<\/p>\n<p>[\/et_pb_text][et_pb_divider _builder_version=&#8220;4.27.5&#8243; _module_preset=&#8220;default&#8220; global_colors_info=&#8220;{}&#8220;][\/et_pb_divider][et_pb_text _builder_version=&#8220;4.27.5&#8243; _module_preset=&#8220;default&#8220; header_3_font=&#8220;&#8211;et_global_body_font||||||||&#8220; header_3_text_color=&#8220;#3A5F4B&#8220; global_colors_info=&#8220;{}&#8220;]<\/p>\n<h3>Sorgfaltspflicht \/ Diebstahl<\/h3>\n<p>Wir bitten, das Mietobjekt, einschlie\u00dflich M\u00f6bel und s\u00e4mtliches Inventar, schonend zu behandeln. Es wird empfohlen, eine private Haftpflichtversicherung abzuschlie\u00dfen, die explizit Mietsachsch\u00e4den an Ferienunterk\u00fcnften abdeckt.<\/p>\n<p>Jede Art von Diebstahl wird sofort zur Anzeige gebraucht!<\/p>\n<p>[\/et_pb_text][et_pb_divider _builder_version=&#8220;4.27.5&#8243; _module_preset=&#8220;default&#8220; global_colors_info=&#8220;{}&#8220;][\/et_pb_divider][et_pb_text _builder_version=&#8220;4.27.5&#8243; _module_preset=&#8220;default&#8220; header_3_font=&#8220;&#8211;et_global_body_font||||||||&#8220; header_3_text_align=&#8220;center&#8220; header_3_text_color=&#8220;#FFFFFF&#8220; background_color=&#8220;#993333&#8243; custom_margin=&#8220;20px||20px||true|false&#8220; custom_padding=&#8220;30px||30px||true|false&#8220; border_radii=&#8220;off|20px|20px|20px|20px&#8220; global_colors_info=&#8220;{}&#8220;]<\/p>\n<h3>Bei der verbindlichen Buchung \u2013 jedoch sp\u00e4testens mit dem Einzug ins Ferienhaus \u2013 gilt diese Hausordnung als gelesen und akzeptiert.<\/h3>\n<h3><\/h3>\n<p>[\/et_pb_text][\/et_pb_column][\/et_pb_row][\/et_pb_section]<\/p>\n","protected":false},"excerpt":{"rendered":"<p>Liebe G\u00e4ste! Wir freuen uns sehr, dass ihr Euch f\u00fcr unser Ferienhaus entschieden habt und Euren Urlaub in Schweden verbringen m\u00f6chtet.\u00a0 Wir sind immer bem\u00fcht, Einrichtung und Komfort auf einem hohen Standard zu halten, sodass sich jeder Gast bei uns wohlf\u00fchlt und es an nichts fehlt. Solltet ihr dennoch mal etwas im Inventar vermissen oder [&hellip;]<\/p>\n","protected":false},"author":15,"featured_media":0,"parent":0,"menu_order":0,"comment_status":"closed","ping_status":"closed","template":"","meta":{"_et_pb_use_builder":"on","_et_pb_old_content":"","_et_gb_content_width":"","footnotes":""},"class_list":["post-569","page","type-page","status-publish","hentry"],"_links":{"self":[{"href":"https:\/\/www.naturhaus-bergslagen.com\/en\/wp-json\/wp\/v2\/pages\/569","targetHints":{"allow":["GET"]}}],"collection":[{"href":"https:\/\/www.naturhaus-bergslagen.com\/en\/wp-json\/wp\/v2\/pages"}],"about":[{"href":"https:\/\/www.naturhaus-bergslagen.com\/en\/wp-json\/wp\/v2\/types\/page"}],"author":[{"embeddable":true,"href":"https:\/\/www.naturhaus-bergslagen.com\/en\/wp-json\/wp\/v2\/users\/15"}],"replies":[{"embeddable":true,"href":"https:\/\/www.naturhaus-bergslagen.com\/en\/wp-json\/wp\/v2\/comments?post=569"}],"version-history":[{"count":11,"href":"https:\/\/www.naturhaus-bergslagen.com\/en\/wp-json\/wp\/v2\/pages\/569\/revisions"}],"predecessor-version":[{"id":1169,"href":"https:\/\/www.naturhaus-bergslagen.com\/en\/wp-json\/wp\/v2\/pages\/569\/revisions\/1169"}],"wp:attachment":[{"href":"https:\/\/www.naturhaus-bergslagen.com\/en\/wp-json\/wp\/v2\/media?parent=569"}],"curies":[{"name":"wp","href":"https:\/\/api.w.org\/{rel}","templated":true}]}}